{"id":1806,"date":"2022-04-29T12:37:02","date_gmt":"2022-04-29T12:37:02","guid":{"rendered":"https:\/\/www.bigband-dev.fr\/?page_id=1806"},"modified":"2022-12-13T13:17:55","modified_gmt":"2022-12-13T13:17:55","slug":"tourisme-sejour","status":"publish","type":"page","link":"https:\/\/www.loisy-sur-marne.fr\/index.php\/tourisme-sejour\/","title":{"rendered":"Tourisme"},"content":{"rendered":"\t\t<div data-elementor-type=\"wp-page\" data-elementor-id=\"1806\" class=\"elementor elementor-1806\">\n\t\t\t\t\t\t<section class=\"elementor-section elementor-top-section elementor-element elementor-element-f924572 elementor-section-boxed elementor-section-height-default elementor-section-height-default\" data-id=\"f924572\" data-element_type=\"section\" data-e-type=\"section\">\n\t\t\t\t\t\t<div class=\"elementor-container elementor-column-gap-extended\">\n\t\t\t\t\t<div class=\"elementor-column elementor-col-33 elementor-top-column elementor-element elementor-element-05e5f74\" data-id=\"05e5f74\" data-element_type=\"column\" data-e-type=\"column\">\n\t\t\t<div class=\"elementor-widget-wrap elementor-element-populated\">\n\t\t\t\t\t\t<div class=\"elementor-element elementor-element-d09cc94 elementor-widget elementor-widget-image\" data-id=\"d09cc94\" data-element_type=\"widget\" data-e-type=\"widget\" data-widget_type=\"image.default\">\n\t\t\t\t<div class=\"elementor-widget-container\">\n\t\t\t\t\t\t\t\t\t\t\t\t<figure class=\"wp-caption\">\n\t\t\t\t\t\t\t\t\t\t\t<a href=\"https:\/\/www.gites-de-france.com\/fr\/grand-est\/marne\/chez-bri-gite-h51g002454\" target=\"_blank\">\n\t\t\t\t\t\t\t<img fetchpriority=\"high\" decoding=\"async\" width=\"525\" height=\"394\" src=\"https:\/\/www.loisy-sur-marne.fr\/wp-content\/uploads\/2022\/04\/bri_gite.jpg\" class=\"attachment-large size-large wp-image-1811\" alt=\"\" srcset=\"https:\/\/www.loisy-sur-marne.fr\/wp-content\/uploads\/2022\/04\/bri_gite.jpg 1024w, https:\/\/www.loisy-sur-marne.fr\/wp-content\/uploads\/2022\/04\/bri_gite-300x225.jpg 300w, https:\/\/www.loisy-sur-marne.fr\/wp-content\/uploads\/2022\/04\/bri_gite-768x576.jpg 768w\" sizes=\"(max-width: 525px) 100vw, 525px\" \/>\t\t\t\t\t\t\t\t<\/a>\n\t\t\t\t\t\t\t\t\t\t\t<figcaption class=\"widget-image-caption wp-caption-text\">Chez Bri G\u00eete<\/figcaption>\n\t\t\t\t\t\t\t\t\t\t<\/figure>\n\t\t\t\t\t\t\t\t\t<\/div>\n\t\t\t\t<\/div>\n\t\t\t\t\t<\/div>\n\t\t<\/div>\n\t\t\t\t<div class=\"elementor-column elementor-col-33 elementor-top-column elementor-element elementor-element-923ea8b\" data-id=\"923ea8b\" data-element_type=\"column\" data-e-type=\"column\">\n\t\t\t<div class=\"elementor-widget-wrap elementor-element-populated\">\n\t\t\t\t\t\t<div class=\"elementor-element elementor-element-c22d992 elementor-widget elementor-widget-image\" data-id=\"c22d992\" data-element_type=\"widget\" data-e-type=\"widget\" data-widget_type=\"image.default\">\n\t\t\t\t<div class=\"elementor-widget-container\">\n\t\t\t\t\t\t\t\t\t\t\t\t<figure class=\"wp-caption\">\n\t\t\t\t\t\t\t\t\t\t\t<a href=\"http:\/\/laparenthese-gite.fr\/\" target=\"_blank\">\n\t\t\t\t\t\t\t<img decoding=\"async\" width=\"525\" height=\"419\" src=\"https:\/\/www.loisy-sur-marne.fr\/wp-content\/uploads\/2022\/04\/parenthese-1024x817.jpg\" class=\"attachment-large size-large wp-image-1810\" alt=\"\" srcset=\"https:\/\/www.loisy-sur-marne.fr\/wp-content\/uploads\/2022\/04\/parenthese-1024x817.jpg 1024w, https:\/\/www.loisy-sur-marne.fr\/wp-content\/uploads\/2022\/04\/parenthese-300x239.jpg 300w, https:\/\/www.loisy-sur-marne.fr\/wp-content\/uploads\/2022\/04\/parenthese-768x612.jpg 768w, https:\/\/www.loisy-sur-marne.fr\/wp-content\/uploads\/2022\/04\/parenthese-1536x1225.jpg 1536w, https:\/\/www.loisy-sur-marne.fr\/wp-content\/uploads\/2022\/04\/parenthese.jpg 1728w\" sizes=\"(max-width: 525px) 100vw, 525px\" \/>\t\t\t\t\t\t\t\t<\/a>\n\t\t\t\t\t\t\t\t\t\t\t<figcaption class=\"widget-image-caption wp-caption-text\">La Parenth\u00e8se<\/figcaption>\n\t\t\t\t\t\t\t\t\t\t<\/figure>\n\t\t\t\t\t\t\t\t\t<\/div>\n\t\t\t\t<\/div>\n\t\t\t\t\t<\/div>\n\t\t<\/div>\n\t\t\t\t<div class=\"elementor-column elementor-col-33 elementor-top-column elementor-element elementor-element-9dba22f\" data-id=\"9dba22f\" data-element_type=\"column\" data-e-type=\"column\">\n\t\t\t<div class=\"elementor-widget-wrap elementor-element-populated\">\n\t\t\t\t\t\t<div class=\"elementor-element elementor-element-c46d5a7 elementor-widget elementor-widget-image\" data-id=\"c46d5a7\" data-element_type=\"widget\" data-e-type=\"widget\" data-widget_type=\"image.default\">\n\t\t\t\t<div class=\"elementor-widget-container\">\n\t\t\t\t\t\t\t\t\t\t\t\t<figure class=\"wp-caption\">\n\t\t\t\t\t\t\t\t\t\t\t<a href=\"https:\/\/www.airbnb.fr\/rooms\/29558400?location=Loisy-sur-Marne%2C%20France&#038;federated_search_id=2309da53-efe2-45fd-9589-95a69327f136&#038;source_impression_id=p3_1651237651_OBuOCNs2ygDQarAF\" target=\"_blank\">\n\t\t\t\t\t\t\t<img decoding=\"async\" width=\"525\" height=\"394\" src=\"https:\/\/www.loisy-sur-marne.fr\/wp-content\/uploads\/2022\/04\/giteIsabelle-1024x768.webp\" class=\"attachment-large size-large wp-image-1813\" alt=\"\" srcset=\"https:\/\/www.loisy-sur-marne.fr\/wp-content\/uploads\/2022\/04\/giteIsabelle-1024x768.webp 1024w, https:\/\/www.loisy-sur-marne.fr\/wp-content\/uploads\/2022\/04\/giteIsabelle-300x225.webp 300w, https:\/\/www.loisy-sur-marne.fr\/wp-content\/uploads\/2022\/04\/giteIsabelle-768x576.webp 768w, https:\/\/www.loisy-sur-marne.fr\/wp-content\/uploads\/2022\/04\/giteIsabelle.webp 1440w\" sizes=\"(max-width: 525px) 100vw, 525px\" \/>\t\t\t\t\t\t\t\t<\/a>\n\t\t\t\t\t\t\t\t\t\t\t<figcaption class=\"widget-image-caption wp-caption-text\">Chez Isabelle - Chambre d'h\u00f4te<\/figcaption>\n\t\t\t\t\t\t\t\t\t\t<\/figure>\n\t\t\t\t\t\t\t\t\t<\/div>\n\t\t\t\t<\/div>\n\t\t\t\t\t<\/div>\n\t\t<\/div>\n\t\t\t\t\t<\/div>\n\t\t<\/section>\n\t\t\t\t<section class=\"elementor-section elementor-top-section elementor-element elementor-element-9765f50 elementor-section-boxed elementor-section-height-default elementor-section-height-default\" data-id=\"9765f50\" data-element_type=\"section\" data-e-type=\"section\">\n\t\t\t\t\t\t<div class=\"elementor-container elementor-column-gap-extended\">\n\t\t\t\t\t<div class=\"elementor-column elementor-col-33 elementor-top-column elementor-element elementor-element-4ead40d\" data-id=\"4ead40d\" data-element_type=\"column\" data-e-type=\"column\">\n\t\t\t<div class=\"elementor-widget-wrap elementor-element-populated\">\n\t\t\t\t\t\t<div class=\"elementor-element elementor-element-d5629c1 elementor-widget elementor-widget-image\" data-id=\"d5629c1\" data-element_type=\"widget\" data-e-type=\"widget\" data-widget_type=\"image.default\">\n\t\t\t\t<div class=\"elementor-widget-container\">\n\t\t\t\t\t\t\t\t\t\t\t\t<figure class=\"wp-caption\">\n\t\t\t\t\t\t\t\t\t\t\t<a href=\"https:\/\/www.airbnb.fr\/rooms\/11075197?federated_search_id=9f2e68cb-59d8-4f47-84ec-d76eb8ccb612&#038;source_impression_id=p3_1651237363_0M%2BEyuapkZY46zIp\" target=\"_blank\">\n\t\t\t\t\t\t\t<img loading=\"lazy\" decoding=\"async\" width=\"525\" height=\"350\" src=\"https:\/\/www.loisy-sur-marne.fr\/wp-content\/uploads\/2022\/04\/rbnb-1024x683.webp\" class=\"attachment-large size-large wp-image-1812\" alt=\"\" srcset=\"https:\/\/www.loisy-sur-marne.fr\/wp-content\/uploads\/2022\/04\/rbnb-1024x683.webp 1024w, https:\/\/www.loisy-sur-marne.fr\/wp-content\/uploads\/2022\/04\/rbnb-300x200.webp 300w, https:\/\/www.loisy-sur-marne.fr\/wp-content\/uploads\/2022\/04\/rbnb-768x512.webp 768w, https:\/\/www.loisy-sur-marne.fr\/wp-content\/uploads\/2022\/04\/rbnb.webp 1200w\" sizes=\"(max-width: 525px) 100vw, 525px\" \/>\t\t\t\t\t\t\t\t<\/a>\n\t\t\t\t\t\t\t\t\t\t\t<figcaption class=\"widget-image-caption wp-caption-text\">Chez Laurent - Appartement F2<\/figcaption>\n\t\t\t\t\t\t\t\t\t\t<\/figure>\n\t\t\t\t\t\t\t\t\t<\/div>\n\t\t\t\t<\/div>\n\t\t\t\t\t<\/div>\n\t\t<\/div>\n\t\t\t\t<div class=\"elementor-column elementor-col-33 elementor-top-column elementor-element elementor-element-b3137e5\" data-id=\"b3137e5\" data-element_type=\"column\" data-e-type=\"column\">\n\t\t\t<div class=\"elementor-widget-wrap elementor-element-populated\">\n\t\t\t\t\t\t<div class=\"elementor-element elementor-element-8bcbc3d elementor-widget elementor-widget-image\" data-id=\"8bcbc3d\" data-element_type=\"widget\" data-e-type=\"widget\" data-widget_type=\"image.default\">\n\t\t\t\t<div class=\"elementor-widget-container\">\n\t\t\t\t\t\t\t\t\t\t\t\t<figure class=\"wp-caption\">\n\t\t\t\t\t\t\t\t\t\t\t<a href=\"https:\/\/www.reversdevignat.com\/\" target=\"_blank\">\n\t\t\t\t\t\t\t<img loading=\"lazy\" decoding=\"async\" width=\"525\" height=\"444\" src=\"https:\/\/www.loisy-sur-marne.fr\/wp-content\/uploads\/2022\/04\/rdvO80.jpg\" class=\"attachment-large size-large wp-image-1809\" alt=\"\" srcset=\"https:\/\/www.loisy-sur-marne.fr\/wp-content\/uploads\/2022\/04\/rdvO80.jpg 600w, https:\/\/www.loisy-sur-marne.fr\/wp-content\/uploads\/2022\/04\/rdvO80-300x254.jpg 300w\" sizes=\"(max-width: 525px) 100vw, 525px\" \/>\t\t\t\t\t\t\t\t<\/a>\n\t\t\t\t\t\t\t\t\t\t\t<figcaption class=\"widget-image-caption wp-caption-text\">Le Revers de Vignat<\/figcaption>\n\t\t\t\t\t\t\t\t\t\t<\/figure>\n\t\t\t\t\t\t\t\t\t<\/div>\n\t\t\t\t<\/div>\n\t\t\t\t\t<\/div>\n\t\t<\/div>\n\t\t\t\t<div class=\"elementor-column elementor-col-33 elementor-top-column elementor-element elementor-element-8f51556\" data-id=\"8f51556\" data-element_type=\"column\" data-e-type=\"column\">\n\t\t\t<div class=\"elementor-widget-wrap elementor-element-populated\">\n\t\t\t\t\t\t<div class=\"elementor-element elementor-element-764d6ee elementor-widget elementor-widget-image\" data-id=\"764d6ee\" data-element_type=\"widget\" data-e-type=\"widget\" data-widget_type=\"image.default\">\n\t\t\t\t<div class=\"elementor-widget-container\">\n\t\t\t\t\t\t\t\t\t\t\t\t<figure class=\"wp-caption\">\n\t\t\t\t\t\t\t\t\t\t\t<a href=\"https:\/\/www.airbnb.fr\/rooms\/14862444?source_impression_id=p3_1651737718_unYS3EGKWsb1PZZ6\" target=\"_blank\">\n\t\t\t\t\t\t\t<img loading=\"lazy\" decoding=\"async\" width=\"525\" height=\"394\" src=\"https:\/\/www.loisy-sur-marne.fr\/wp-content\/uploads\/2022\/04\/f3-1024x768.webp\" class=\"attachment-large size-large wp-image-1360\" alt=\"\" srcset=\"https:\/\/www.loisy-sur-marne.fr\/wp-content\/uploads\/2022\/04\/f3-1024x768.webp 1024w, https:\/\/www.loisy-sur-marne.fr\/wp-content\/uploads\/2022\/04\/f3-300x225.webp 300w, https:\/\/www.loisy-sur-marne.fr\/wp-content\/uploads\/2022\/04\/f3-768x576.webp 768w, https:\/\/www.loisy-sur-marne.fr\/wp-content\/uploads\/2022\/04\/f3.webp 1200w\" sizes=\"(max-width: 525px) 100vw, 525px\" \/>\t\t\t\t\t\t\t\t<\/a>\n\t\t\t\t\t\t\t\t\t\t\t<figcaption class=\"widget-image-caption wp-caption-text\">Chez Laurent - Appartement F3<\/figcaption>\n\t\t\t\t\t\t\t\t\t\t<\/figure>\n\t\t\t\t\t\t\t\t\t<\/div>\n\t\t\t\t<\/div>\n\t\t\t\t\t<\/div>\n\t\t<\/div>\n\t\t\t\t\t<\/div>\n\t\t<\/section>\n\t\t\t\t<\/div>\n\t\t","protected":false},"excerpt":{"rendered":"<p>Chez Bri G\u00eete La Parenth\u00e8se Chez Isabelle &#8211; Chambre d&rsquo;h\u00f4te Chez Laurent &#8211; Appartement F2 Le Revers de Vignat Chez Laurent &#8211; Appartement F3<\/p>\n","protected":false},"author":1,"featured_media":0,"parent":0,"menu_order":0,"comment_status":"closed","ping_status":"closed","template":"","meta":{"footnotes":""},"class_list":["post-1806","page","type-page","status-publish","hentry"],"_links":{"self":[{"href":"https:\/\/www.loisy-sur-marne.fr\/index.php\/wp-json\/wp\/v2\/pages\/1806","targetHints":{"allow":["GET"]}}],"collection":[{"href":"https:\/\/www.loisy-sur-marne.fr\/index.php\/wp-json\/wp\/v2\/pages"}],"about":[{"href":"https:\/\/www.loisy-sur-marne.fr\/index.php\/wp-json\/wp\/v2\/types\/page"}],"author":[{"embeddable":true,"href":"https:\/\/www.loisy-sur-marne.fr\/index.php\/wp-json\/wp\/v2\/users\/1"}],"replies":[{"embeddable":true,"href":"https:\/\/www.loisy-sur-marne.fr\/index.php\/wp-json\/wp\/v2\/comments?post=1806"}],"version-history":[{"count":24,"href":"https:\/\/www.loisy-sur-marne.fr\/index.php\/wp-json\/wp\/v2\/pages\/1806\/revisions"}],"predecessor-version":[{"id":2435,"href":"https:\/\/www.loisy-sur-marne.fr\/index.php\/wp-json\/wp\/v2\/pages\/1806\/revisions\/2435"}],"wp:attachment":[{"href":"https:\/\/www.loisy-sur-marne.fr\/index.php\/wp-json\/wp\/v2\/media?parent=1806"}],"curies":[{"name":"wp","href":"https:\/\/api.w.org\/{rel}","templated":true}]}}