{"id":1873,"date":"2022-05-03T13:45:56","date_gmt":"2022-05-03T13:45:56","guid":{"rendered":"https:\/\/www.bigband-dev.fr\/?page_id=1873"},"modified":"2023-09-20T06:15:09","modified_gmt":"2023-09-20T06:15:09","slug":"sante","status":"publish","type":"page","link":"https:\/\/www.loisy-sur-marne.fr\/index.php\/sante\/","title":{"rendered":"Sant\u00e9"},"content":{"rendered":"\t\t<div data-elementor-type=\"wp-page\" data-elementor-id=\"1873\" class=\"elementor elementor-1873\">\n\t\t\t\t\t\t<section class=\"elementor-section elementor-top-section elementor-element elementor-element-8c7b0c2 elementor-section-boxed elementor-section-height-default elementor-section-height-default\" data-id=\"8c7b0c2\" data-element_type=\"section\" data-e-type=\"section\">\n\t\t\t\t\t\t<div class=\"elementor-container elementor-column-gap-default\">\n\t\t\t\t\t<div class=\"elementor-column elementor-col-50 elementor-top-column elementor-element elementor-element-5a38f5e\" data-id=\"5a38f5e\" data-element_type=\"column\" data-e-type=\"column\">\n\t\t\t<div class=\"elementor-widget-wrap elementor-element-populated\">\n\t\t\t\t\t\t<div class=\"elementor-element elementor-element-b3b44b9 elementor-widget elementor-widget-image\" data-id=\"b3b44b9\" data-element_type=\"widget\" data-e-type=\"widget\" data-widget_type=\"image.default\">\n\t\t\t\t<div class=\"elementor-widget-container\">\n\t\t\t\t\t\t\t\t\t\t\t\t\t\t\t<img fetchpriority=\"high\" decoding=\"async\" width=\"300\" height=\"168\" src=\"https:\/\/www.loisy-sur-marne.fr\/wp-content\/uploads\/2022\/04\/pharmacie.jpg\" class=\"attachment-large size-large wp-image-1762\" alt=\"\" \/>\t\t\t\t\t\t\t\t\t\t\t\t\t\t\t<\/div>\n\t\t\t\t<\/div>\n\t\t\t\t\t<\/div>\n\t\t<\/div>\n\t\t\t\t<div class=\"elementor-column elementor-col-50 elementor-top-column elementor-element elementor-element-57dbd90\" data-id=\"57dbd90\" data-element_type=\"column\" data-e-type=\"column\">\n\t\t\t<div class=\"elementor-widget-wrap elementor-element-populated\">\n\t\t\t\t\t\t<div class=\"elementor-element elementor-element-0ffd671 elementor-widget elementor-widget-text-editor\" data-id=\"0ffd671\" data-element_type=\"widget\" data-e-type=\"widget\" data-widget_type=\"text-editor.default\">\n\t\t\t\t<div class=\"elementor-widget-container\">\n\t\t\t\t\t\t\t\t\t<p>Pharmacie<\/p><p>Situ\u00e9 au 75 rue de Choiset.\u00a0<\/p><p>Elle est ouverte de 9h \u00e0 12h et de 14h \u00e0 19h en semaine et de 9h \u00e0 12h30 le samedi<\/p><p>Vous pouvez les joindre au : 03 26 72 25 65<\/p>\t\t\t\t\t\t\t\t<\/div>\n\t\t\t\t<\/div>\n\t\t\t\t\t<\/div>\n\t\t<\/div>\n\t\t\t\t\t<\/div>\n\t\t<\/section>\n\t\t\t\t<section class=\"elementor-section elementor-top-section elementor-element elementor-element-54ec114 elementor-section-boxed elementor-section-height-default elementor-section-height-default\" data-id=\"54ec114\" data-element_type=\"section\" data-e-type=\"section\">\n\t\t\t\t\t\t<div class=\"elementor-container elementor-column-gap-default\">\n\t\t\t\t\t<div class=\"elementor-column elementor-col-100 elementor-top-column elementor-element elementor-element-ac4db4c\" data-id=\"ac4db4c\" data-element_type=\"column\" data-e-type=\"column\">\n\t\t\t<div class=\"elementor-widget-wrap elementor-element-populated\">\n\t\t\t\t\t\t<div class=\"elementor-element elementor-element-fca99b4 elementor-widget elementor-widget-spacer\" data-id=\"fca99b4\" data-element_type=\"widget\" data-e-type=\"widget\" data-widget_type=\"spacer.default\">\n\t\t\t\t<div class=\"elementor-widget-container\">\n\t\t\t\t\t\t\t<div class=\"elementor-spacer\">\n\t\t\t<div class=\"elementor-spacer-inner\"><\/div>\n\t\t<\/div>\n\t\t\t\t\t\t<\/div>\n\t\t\t\t<\/div>\n\t\t\t\t\t<\/div>\n\t\t<\/div>\n\t\t\t\t\t<\/div>\n\t\t<\/section>\n\t\t\t\t<section class=\"elementor-section elementor-top-section elementor-element elementor-element-f7f83df elementor-section-boxed elementor-section-height-default elementor-section-height-default\" data-id=\"f7f83df\" data-element_type=\"section\" data-e-type=\"section\">\n\t\t\t\t\t\t<div class=\"elementor-container elementor-column-gap-default\">\n\t\t\t\t\t<div class=\"elementor-column elementor-col-50 elementor-top-column elementor-element elementor-element-713799a\" data-id=\"713799a\" data-element_type=\"column\" data-e-type=\"column\">\n\t\t\t<div class=\"elementor-widget-wrap elementor-element-populated\">\n\t\t\t\t\t\t<div class=\"elementor-element elementor-element-44884d5 elementor-widget elementor-widget-text-editor\" data-id=\"44884d5\" data-element_type=\"widget\" data-e-type=\"widget\" data-widget_type=\"text-editor.default\">\n\t\t\t\t<div class=\"elementor-widget-container\">\n\t\t\t\t\t\t\t\t\t<p>Cabinet Infirmier De Loisy situ\u00e9 au 90 rue de Choiset.<\/p><p>Nicolas Mouton, C\u00e9line Phelizon et Florine Maurice sont joignables au 06.38.41.62.87 pour tout renseignement.<\/p><p>Une permanence au cabinet est mise en place de 6h30 \u00e0 10h le lundi, mercredi, jeudi et samedi, sauf jours f\u00e9ri\u00e9s.<\/p><p>Pour \u00eatre inform\u00e9 des derni\u00e8res actualit\u00e9s, rejoignez-les sur\u00a0<a href=\"https:\/\/www.facebook.com\/nicomoutt\" target=\"_blank\" rel=\"noopener\">Facebook.<\/a><\/p>\t\t\t\t\t\t\t\t<\/div>\n\t\t\t\t<\/div>\n\t\t\t\t\t<\/div>\n\t\t<\/div>\n\t\t\t\t<div class=\"elementor-column elementor-col-50 elementor-top-column elementor-element elementor-element-7e1ea5f\" data-id=\"7e1ea5f\" data-element_type=\"column\" data-e-type=\"column\">\n\t\t\t<div class=\"elementor-widget-wrap elementor-element-populated\">\n\t\t\t\t\t\t<div class=\"elementor-element elementor-element-0e7c639 elementor-widget elementor-widget-image\" data-id=\"0e7c639\" data-element_type=\"widget\" data-e-type=\"widget\" data-widget_type=\"image.default\">\n\t\t\t\t<div class=\"elementor-widget-container\">\n\t\t\t\t\t\t\t\t\t\t\t\t\t\t\t<img decoding=\"async\" width=\"300\" height=\"300\" src=\"https:\/\/www.loisy-sur-marne.fr\/wp-content\/uploads\/2022\/04\/infirmiere-300x300.jpg\" class=\"attachment-medium size-medium wp-image-1767\" alt=\"\" srcset=\"https:\/\/www.loisy-sur-marne.fr\/wp-content\/uploads\/2022\/04\/infirmiere-300x300.jpg 300w, https:\/\/www.loisy-sur-marne.fr\/wp-content\/uploads\/2022\/04\/infirmiere-150x150.jpg 150w, https:\/\/www.loisy-sur-marne.fr\/wp-content\/uploads\/2022\/04\/infirmiere-768x766.jpg 768w, https:\/\/www.loisy-sur-marne.fr\/wp-content\/uploads\/2022\/04\/infirmiere-120x120.jpg 120w, https:\/\/www.loisy-sur-marne.fr\/wp-content\/uploads\/2022\/04\/infirmiere-270x270.jpg 270w, https:\/\/www.loisy-sur-marne.fr\/wp-content\/uploads\/2022\/04\/infirmiere-60x60.jpg 60w, https:\/\/www.loisy-sur-marne.fr\/wp-content\/uploads\/2022\/04\/infirmiere-70x70.jpg 70w, https:\/\/www.loisy-sur-marne.fr\/wp-content\/uploads\/2022\/04\/infirmiere.jpg 960w\" sizes=\"(max-width: 300px) 100vw, 300px\" \/>\t\t\t\t\t\t\t\t\t\t\t\t\t\t\t<\/div>\n\t\t\t\t<\/div>\n\t\t\t\t\t<\/div>\n\t\t<\/div>\n\t\t\t\t\t<\/div>\n\t\t<\/section>\n\t\t\t\t<section class=\"elementor-section elementor-top-section elementor-element elementor-element-addaa97 elementor-section-boxed elementor-section-height-default elementor-section-height-default\" data-id=\"addaa97\" data-element_type=\"section\" data-e-type=\"section\">\n\t\t\t\t\t\t<div class=\"elementor-container elementor-column-gap-default\">\n\t\t\t\t\t<div class=\"elementor-column elementor-col-100 elementor-top-column elementor-element elementor-element-b1eedca\" data-id=\"b1eedca\" data-element_type=\"column\" data-e-type=\"column\">\n\t\t\t<div class=\"elementor-widget-wrap elementor-element-populated\">\n\t\t\t\t\t\t<div class=\"elementor-element elementor-element-587a1d8 elementor-widget elementor-widget-spacer\" data-id=\"587a1d8\" data-element_type=\"widget\" data-e-type=\"widget\" data-widget_type=\"spacer.default\">\n\t\t\t\t<div class=\"elementor-widget-container\">\n\t\t\t\t\t\t\t<div class=\"elementor-spacer\">\n\t\t\t<div class=\"elementor-spacer-inner\"><\/div>\n\t\t<\/div>\n\t\t\t\t\t\t<\/div>\n\t\t\t\t<\/div>\n\t\t\t\t\t<\/div>\n\t\t<\/div>\n\t\t\t\t\t<\/div>\n\t\t<\/section>\n\t\t\t\t<section class=\"elementor-section elementor-top-section elementor-element elementor-element-7cec36e elementor-section-boxed elementor-section-height-default elementor-section-height-default\" data-id=\"7cec36e\" data-element_type=\"section\" data-e-type=\"section\">\n\t\t\t\t\t\t<div class=\"elementor-container elementor-column-gap-default\">\n\t\t\t\t\t<div class=\"elementor-column elementor-col-50 elementor-top-column elementor-element elementor-element-ae7e075\" data-id=\"ae7e075\" data-element_type=\"column\" data-e-type=\"column\">\n\t\t\t<div class=\"elementor-widget-wrap elementor-element-populated\">\n\t\t\t\t\t\t<div class=\"elementor-element elementor-element-9f9b900 elementor-widget elementor-widget-image\" data-id=\"9f9b900\" data-element_type=\"widget\" data-e-type=\"widget\" data-widget_type=\"image.default\">\n\t\t\t\t<div class=\"elementor-widget-container\">\n\t\t\t\t\t\t\t\t\t\t\t\t\t\t\t<img decoding=\"async\" width=\"325\" height=\"225\" src=\"https:\/\/www.loisy-sur-marne.fr\/wp-content\/uploads\/2022\/04\/beausejour.jpg\" class=\"attachment-large size-large wp-image-1774\" alt=\"\" srcset=\"https:\/\/www.loisy-sur-marne.fr\/wp-content\/uploads\/2022\/04\/beausejour.jpg 325w, https:\/\/www.loisy-sur-marne.fr\/wp-content\/uploads\/2022\/04\/beausejour-300x208.jpg 300w\" sizes=\"(max-width: 325px) 100vw, 325px\" \/>\t\t\t\t\t\t\t\t\t\t\t\t\t\t\t<\/div>\n\t\t\t\t<\/div>\n\t\t\t\t\t<\/div>\n\t\t<\/div>\n\t\t\t\t<div class=\"elementor-column elementor-col-50 elementor-top-column elementor-element elementor-element-4624f72\" data-id=\"4624f72\" data-element_type=\"column\" data-e-type=\"column\">\n\t\t\t<div class=\"elementor-widget-wrap elementor-element-populated\">\n\t\t\t\t\t\t<div class=\"elementor-element elementor-element-c398d9b elementor-widget elementor-widget-text-editor\" data-id=\"c398d9b\" data-element_type=\"widget\" data-e-type=\"widget\" data-widget_type=\"text-editor.default\">\n\t\t\t\t<div class=\"elementor-widget-container\">\n\t\t\t\t\t\t\t\t\t<p>La villa BeauSoleil est une Maison m\u00e9dicalis\u00e9e(EHPAD) proposant des prestations de qualit\u00e9s.<\/p>\n<p><a href=\"https:\/\/www.villabeausoleil.com\/villa\/maison-de-retraite-medicalisee-ehpad\/loisy-sur-marne?gclid=Cj0KCQjwma6TBhDIARIsAOKuANw2uWD3sMd2x9d3MJ69-EVrSBh2rCgU8X3FQ5dROnHnDcQm1bvtWu0aAnN8EALw_wcB\" target=\"_blank\" rel=\"noopener\">Pour plus d\u2019informations sur leur site.<\/a><\/p>\n<p><a href=\"https:\/\/www.facebook.com\/villabeausoleilLoisy\" target=\"_blank\" rel=\"noopener\">Mais \u00e9galement sur Facebook.<\/a><\/p>\t\t\t\t\t\t\t\t<\/div>\n\t\t\t\t<\/div>\n\t\t\t\t\t<\/div>\n\t\t<\/div>\n\t\t\t\t\t<\/div>\n\t\t<\/section>\n\t\t\t\t<\/div>\n\t\t","protected":false},"excerpt":{"rendered":"<p>Pharmacie Situ\u00e9 au 75 rue de Choiset.\u00a0 Elle est ouverte de 9h \u00e0 12h et de 14h \u00e0 19h en semaine et de 9h \u00e0 12h30 le samedi Vous pouvez [&hellip;]<\/p>\n","protected":false},"author":1,"featured_media":0,"parent":0,"menu_order":0,"comment_status":"closed","ping_status":"closed","template":"","meta":{"footnotes":""},"class_list":["post-1873","page","type-page","status-publish","hentry"],"_links":{"self":[{"href":"https:\/\/www.loisy-sur-marne.fr\/index.php\/wp-json\/wp\/v2\/pages\/1873","targetHints":{"allow":["GET"]}}],"collection":[{"href":"https:\/\/www.loisy-sur-marne.fr\/index.php\/wp-json\/wp\/v2\/pages"}],"about":[{"href":"https:\/\/www.loisy-sur-marne.fr\/index.php\/wp-json\/wp\/v2\/types\/page"}],"author":[{"embeddable":true,"href":"https:\/\/www.loisy-sur-marne.fr\/index.php\/wp-json\/wp\/v2\/users\/1"}],"replies":[{"embeddable":true,"href":"https:\/\/www.loisy-sur-marne.fr\/index.php\/wp-json\/wp\/v2\/comments?post=1873"}],"version-history":[{"count":20,"href":"https:\/\/www.loisy-sur-marne.fr\/index.php\/wp-json\/wp\/v2\/pages\/1873\/revisions"}],"predecessor-version":[{"id":2468,"href":"https:\/\/www.loisy-sur-marne.fr\/index.php\/wp-json\/wp\/v2\/pages\/1873\/revisions\/2468"}],"wp:attachment":[{"href":"https:\/\/www.loisy-sur-marne.fr\/index.php\/wp-json\/wp\/v2\/media?parent=1873"}],"curies":[{"name":"wp","href":"https:\/\/api.w.org\/{rel}","templated":true}]}}