{"id":2038,"date":"2022-05-04T13:46:08","date_gmt":"2022-05-04T13:46:08","guid":{"rendered":"https:\/\/www.bigband-dev.fr\/?page_id=2038"},"modified":"2022-09-14T07:56:50","modified_gmt":"2022-09-14T07:56:50","slug":"commerce","status":"publish","type":"page","link":"https:\/\/www.loisy-sur-marne.fr\/index.php\/entreprise-commerce\/commerce\/","title":{"rendered":"Commerces de proximit\u00e9"},"content":{"rendered":"\t\t<div data-elementor-type=\"wp-page\" data-elementor-id=\"2038\" class=\"elementor elementor-2038\">\n\t\t\t\t\t\t<section class=\"elementor-section elementor-top-section elementor-element elementor-element-4282342 elementor-section-height-min-height elementor-section-items-top elementor-section-boxed elementor-section-height-default elementor-invisible\" data-id=\"4282342\" data-element_type=\"section\" data-e-type=\"section\" data-settings=\"{&quot;animation&quot;:&quot;fadeIn&quot;}\">\n\t\t\t\t\t\t<div class=\"elementor-container elementor-column-gap-extended\">\n\t\t\t\t\t<div class=\"elementor-column elementor-col-33 elementor-top-column elementor-element elementor-element-e918b64\" data-id=\"e918b64\" data-element_type=\"column\" data-e-type=\"column\">\n\t\t\t<div class=\"elementor-widget-wrap elementor-element-populated\">\n\t\t\t\t\t\t<div class=\"elementor-element elementor-element-083f611 elementor-widget elementor-widget-text-editor\" data-id=\"083f611\" data-element_type=\"widget\" data-e-type=\"widget\" data-widget_type=\"text-editor.default\">\n\t\t\t\t<div class=\"elementor-widget-container\">\n\t\t\t\t\t\t\t\t\t<p>Boulangerie<\/p>\t\t\t\t\t\t\t\t<\/div>\n\t\t\t\t<\/div>\n\t\t\t\t<div class=\"elementor-element elementor-element-2cab450 elementor-widget elementor-widget-image\" data-id=\"2cab450\" data-element_type=\"widget\" data-e-type=\"widget\" data-widget_type=\"image.default\">\n\t\t\t\t<div class=\"elementor-widget-container\">\n\t\t\t\t\t\t\t\t\t\t\t\t<figure class=\"wp-caption\">\n\t\t\t\t\t\t\t\t\t\t\t<a href=\"https:\/\/www.facebook.com\/people\/Boulangerie-Schneider\/100063632618042\/\" target=\"_blank\">\n\t\t\t\t\t\t\t<img fetchpriority=\"high\" decoding=\"async\" width=\"525\" height=\"381\" src=\"https:\/\/www.loisy-sur-marne.fr\/wp-content\/uploads\/2022\/05\/boulangerie.jpg\" class=\"attachment-large size-large wp-image-1960\" alt=\"\" srcset=\"https:\/\/www.loisy-sur-marne.fr\/wp-content\/uploads\/2022\/05\/boulangerie.jpg 750w, https:\/\/www.loisy-sur-marne.fr\/wp-content\/uploads\/2022\/05\/boulangerie-300x218.jpg 300w, https:\/\/www.loisy-sur-marne.fr\/wp-content\/uploads\/2022\/05\/boulangerie-370x270.jpg 370w\" sizes=\"(max-width: 525px) 100vw, 525px\" \/>\t\t\t\t\t\t\t\t<\/a>\n\t\t\t\t\t\t\t\t\t\t\t<figcaption class=\"widget-image-caption wp-caption-text\">Boulangerie Schneider<\/figcaption>\n\t\t\t\t\t\t\t\t\t\t<\/figure>\n\t\t\t\t\t\t\t\t\t<\/div>\n\t\t\t\t<\/div>\n\t\t\t\t\t<\/div>\n\t\t<\/div>\n\t\t\t\t<div class=\"elementor-column elementor-col-33 elementor-top-column elementor-element elementor-element-3a2bbd3\" data-id=\"3a2bbd3\" data-element_type=\"column\" data-e-type=\"column\">\n\t\t\t<div class=\"elementor-widget-wrap elementor-element-populated\">\n\t\t\t\t\t\t<div class=\"elementor-element elementor-element-0620e84 elementor-widget elementor-widget-text-editor\" data-id=\"0620e84\" data-element_type=\"widget\" data-e-type=\"widget\" data-widget_type=\"text-editor.default\">\n\t\t\t\t<div class=\"elementor-widget-container\">\n\t\t\t\t\t\t\t\t\t<p>Caf\u00e9, presse et tabac<\/p>\t\t\t\t\t\t\t\t<\/div>\n\t\t\t\t<\/div>\n\t\t\t\t<div class=\"elementor-element elementor-element-739894e elementor-widget elementor-widget-image\" data-id=\"739894e\" data-element_type=\"widget\" data-e-type=\"widget\" data-widget_type=\"image.default\">\n\t\t\t\t<div class=\"elementor-widget-container\">\n\t\t\t\t\t\t\t\t\t\t\t\t<figure class=\"wp-caption\">\n\t\t\t\t\t\t\t\t\t\t<img decoding=\"async\" width=\"450\" height=\"288\" src=\"https:\/\/www.loisy-sur-marne.fr\/wp-content\/uploads\/2022\/05\/cafe.jpg\" class=\"attachment-large size-large wp-image-1962\" alt=\"\" srcset=\"https:\/\/www.loisy-sur-marne.fr\/wp-content\/uploads\/2022\/05\/cafe.jpg 450w, https:\/\/www.loisy-sur-marne.fr\/wp-content\/uploads\/2022\/05\/cafe-300x192.jpg 300w\" sizes=\"(max-width: 450px) 100vw, 450px\" \/>\t\t\t\t\t\t\t\t\t\t\t<figcaption class=\"widget-image-caption wp-caption-text\">Caf\u00e9 du Midi<\/figcaption>\n\t\t\t\t\t\t\t\t\t\t<\/figure>\n\t\t\t\t\t\t\t\t\t<\/div>\n\t\t\t\t<\/div>\n\t\t\t\t\t<\/div>\n\t\t<\/div>\n\t\t\t\t<div class=\"elementor-column elementor-col-33 elementor-top-column elementor-element elementor-element-1e945e9\" data-id=\"1e945e9\" data-element_type=\"column\" data-e-type=\"column\">\n\t\t\t<div class=\"elementor-widget-wrap elementor-element-populated\">\n\t\t\t\t\t\t<div class=\"elementor-element elementor-element-cbff369 elementor-widget elementor-widget-text-editor\" data-id=\"cbff369\" data-element_type=\"widget\" data-e-type=\"widget\" data-widget_type=\"text-editor.default\">\n\t\t\t\t<div class=\"elementor-widget-container\">\n\t\t\t\t\t\t\t\t\t<p>Salon de coiffure<\/p>\t\t\t\t\t\t\t\t<\/div>\n\t\t\t\t<\/div>\n\t\t\t\t<div class=\"elementor-element elementor-element-de34487 elementor-widget elementor-widget-image\" data-id=\"de34487\" data-element_type=\"widget\" data-e-type=\"widget\" data-widget_type=\"image.default\">\n\t\t\t\t<div class=\"elementor-widget-container\">\n\t\t\t\t\t\t\t\t\t\t\t\t<figure class=\"wp-caption\">\n\t\t\t\t\t\t\t\t\t\t<img decoding=\"async\" width=\"525\" height=\"602\" src=\"https:\/\/www.loisy-sur-marne.fr\/wp-content\/uploads\/2022\/04\/salonCoiffure2.jpg\" class=\"attachment-large size-large wp-image-1389\" alt=\"\" srcset=\"https:\/\/www.loisy-sur-marne.fr\/wp-content\/uploads\/2022\/04\/salonCoiffure2.jpg 749w, https:\/\/www.loisy-sur-marne.fr\/wp-content\/uploads\/2022\/04\/salonCoiffure2-262x300.jpg 262w\" sizes=\"(max-width: 525px) 100vw, 525px\" \/>\t\t\t\t\t\t\t\t\t\t\t<figcaption class=\"widget-image-caption wp-caption-text\">Christelle Coiffure<\/figcaption>\n\t\t\t\t\t\t\t\t\t\t<\/figure>\n\t\t\t\t\t\t\t\t\t<\/div>\n\t\t\t\t<\/div>\n\t\t\t\t\t<\/div>\n\t\t<\/div>\n\t\t\t\t\t<\/div>\n\t\t<\/section>\n\t\t\t\t<section class=\"elementor-section elementor-top-section elementor-element elementor-element-2b8ec1f elementor-section-height-min-height elementor-section-items-top elementor-section-boxed elementor-section-height-default elementor-invisible\" data-id=\"2b8ec1f\" data-element_type=\"section\" data-e-type=\"section\" data-settings=\"{&quot;animation&quot;:&quot;fadeIn&quot;}\">\n\t\t\t\t\t\t<div class=\"elementor-container elementor-column-gap-extended\">\n\t\t\t\t\t<div class=\"elementor-column elementor-col-33 elementor-top-column elementor-element elementor-element-75d27f9\" data-id=\"75d27f9\" data-element_type=\"column\" data-e-type=\"column\">\n\t\t\t<div class=\"elementor-widget-wrap elementor-element-populated\">\n\t\t\t\t\t\t<div class=\"elementor-element elementor-element-795a88d elementor-widget elementor-widget-text-editor\" data-id=\"795a88d\" data-element_type=\"widget\" data-e-type=\"widget\" data-widget_type=\"text-editor.default\">\n\t\t\t\t<div class=\"elementor-widget-container\">\n\t\t\t\t\t\t\t\t\t<p>Mat\u00e9riel informatique<\/p>\t\t\t\t\t\t\t\t<\/div>\n\t\t\t\t<\/div>\n\t\t\t\t<div class=\"elementor-element elementor-element-2f5a00e elementor-widget elementor-widget-image\" data-id=\"2f5a00e\" data-element_type=\"widget\" data-e-type=\"widget\" data-widget_type=\"image.default\">\n\t\t\t\t<div class=\"elementor-widget-container\">\n\t\t\t\t\t\t\t\t\t\t\t\t<figure class=\"wp-caption\">\n\t\t\t\t\t\t\t\t\t\t\t<a href=\"http:\/\/www.bigband-concept.com\/\" target=\"_blank\">\n\t\t\t\t\t\t\t<img loading=\"lazy\" decoding=\"async\" width=\"525\" height=\"547\" src=\"https:\/\/www.loisy-sur-marne.fr\/wp-content\/uploads\/2022\/05\/bigbancConcept-982x1024.jpg\" class=\"attachment-large size-large wp-image-1959\" alt=\"\" srcset=\"https:\/\/www.loisy-sur-marne.fr\/wp-content\/uploads\/2022\/05\/bigbancConcept-982x1024.jpg 982w, https:\/\/www.loisy-sur-marne.fr\/wp-content\/uploads\/2022\/05\/bigbancConcept-288x300.jpg 288w, https:\/\/www.loisy-sur-marne.fr\/wp-content\/uploads\/2022\/05\/bigbancConcept-768x801.jpg 768w, https:\/\/www.loisy-sur-marne.fr\/wp-content\/uploads\/2022\/05\/bigbancConcept-1472x1536.jpg 1472w, https:\/\/www.loisy-sur-marne.fr\/wp-content\/uploads\/2022\/05\/bigbancConcept.jpg 1923w\" sizes=\"(max-width: 525px) 100vw, 525px\" \/>\t\t\t\t\t\t\t\t<\/a>\n\t\t\t\t\t\t\t\t\t\t\t<figcaption class=\"widget-image-caption wp-caption-text\">Bigband Concept<\/figcaption>\n\t\t\t\t\t\t\t\t\t\t<\/figure>\n\t\t\t\t\t\t\t\t\t<\/div>\n\t\t\t\t<\/div>\n\t\t\t\t\t<\/div>\n\t\t<\/div>\n\t\t\t\t<div class=\"elementor-column elementor-col-33 elementor-top-column elementor-element elementor-element-d697451\" data-id=\"d697451\" data-element_type=\"column\" data-e-type=\"column\">\n\t\t\t<div class=\"elementor-widget-wrap elementor-element-populated\">\n\t\t\t\t\t\t<div class=\"elementor-element elementor-element-d018794 elementor-widget elementor-widget-text-editor\" data-id=\"d018794\" data-element_type=\"widget\" data-e-type=\"widget\" data-widget_type=\"text-editor.default\">\n\t\t\t\t<div class=\"elementor-widget-container\">\n\t\t\t\t\t\t\t\t\t<p>Food Truck<\/p>\t\t\t\t\t\t\t\t<\/div>\n\t\t\t\t<\/div>\n\t\t\t\t<div class=\"elementor-element elementor-element-563c5d5 elementor-widget elementor-widget-image\" data-id=\"563c5d5\" data-element_type=\"widget\" data-e-type=\"widget\" data-widget_type=\"image.default\">\n\t\t\t\t<div class=\"elementor-widget-container\">\n\t\t\t\t\t\t\t\t\t\t\t\t<figure class=\"wp-caption\">\n\t\t\t\t\t\t\t\t\t\t\t<a href=\"https:\/\/fr-fr.facebook.com\/foodtruckbeykebab\/\" target=\"_blank\">\n\t\t\t\t\t\t\t<img loading=\"lazy\" decoding=\"async\" width=\"525\" height=\"769\" src=\"https:\/\/www.loisy-sur-marne.fr\/wp-content\/uploads\/2022\/05\/kebab.jpg\" class=\"attachment-large size-large wp-image-1966\" alt=\"\" srcset=\"https:\/\/www.loisy-sur-marne.fr\/wp-content\/uploads\/2022\/05\/kebab.jpg 569w, https:\/\/www.loisy-sur-marne.fr\/wp-content\/uploads\/2022\/05\/kebab-205x300.jpg 205w\" sizes=\"(max-width: 525px) 100vw, 525px\" \/>\t\t\t\t\t\t\t\t<\/a>\n\t\t\t\t\t\t\t\t\t\t\t<figcaption class=\"widget-image-caption wp-caption-text\">Food Truck Bey Kebab<\/figcaption>\n\t\t\t\t\t\t\t\t\t\t<\/figure>\n\t\t\t\t\t\t\t\t\t<\/div>\n\t\t\t\t<\/div>\n\t\t\t\t\t<\/div>\n\t\t<\/div>\n\t\t\t\t<div class=\"elementor-column elementor-col-33 elementor-top-column elementor-element elementor-element-0408210\" data-id=\"0408210\" data-element_type=\"column\" data-e-type=\"column\">\n\t\t\t<div class=\"elementor-widget-wrap elementor-element-populated\">\n\t\t\t\t\t\t<div class=\"elementor-element elementor-element-69b94d6 elementor-widget elementor-widget-text-editor\" data-id=\"69b94d6\" data-element_type=\"widget\" data-e-type=\"widget\" data-widget_type=\"text-editor.default\">\n\t\t\t\t<div class=\"elementor-widget-container\">\n\t\t\t\t\t\t\t\t\t<p>Champagne<\/p>\t\t\t\t\t\t\t\t<\/div>\n\t\t\t\t<\/div>\n\t\t\t\t<div class=\"elementor-element elementor-element-e9dc1f7 elementor-widget elementor-widget-image\" data-id=\"e9dc1f7\" data-element_type=\"widget\" data-e-type=\"widget\" data-widget_type=\"image.default\">\n\t\t\t\t<div class=\"elementor-widget-container\">\n\t\t\t\t\t\t\t\t\t\t\t\t<figure class=\"wp-caption\">\n\t\t\t\t\t\t\t\t\t\t\t<a href=\"https:\/\/www.champagnejsbriche.com\/\" target=\"_blank\">\n\t\t\t\t\t\t\t<img loading=\"lazy\" decoding=\"async\" width=\"379\" height=\"449\" src=\"https:\/\/www.loisy-sur-marne.fr\/wp-content\/uploads\/2022\/05\/Capture-decran-301.png\" class=\"attachment-large size-large wp-image-1984\" alt=\"\" srcset=\"https:\/\/www.loisy-sur-marne.fr\/wp-content\/uploads\/2022\/05\/Capture-decran-301.png 379w, https:\/\/www.loisy-sur-marne.fr\/wp-content\/uploads\/2022\/05\/Capture-decran-301-253x300.png 253w\" sizes=\"(max-width: 379px) 100vw, 379px\" \/>\t\t\t\t\t\t\t\t<\/a>\n\t\t\t\t\t\t\t\t\t\t\t<figcaption class=\"widget-image-caption wp-caption-text\">Champagne JS Briche<\/figcaption>\n\t\t\t\t\t\t\t\t\t\t<\/figure>\n\t\t\t\t\t\t\t\t\t<\/div>\n\t\t\t\t<\/div>\n\t\t\t\t\t<\/div>\n\t\t<\/div>\n\t\t\t\t\t<\/div>\n\t\t<\/section>\n\t\t\t\t<section class=\"elementor-section elementor-top-section elementor-element elementor-element-2dd6bba elementor-section-height-min-height elementor-section-items-top elementor-section-boxed elementor-section-height-default elementor-invisible\" data-id=\"2dd6bba\" data-element_type=\"section\" data-e-type=\"section\" data-settings=\"{&quot;animation&quot;:&quot;fadeIn&quot;}\">\n\t\t\t\t\t\t<div class=\"elementor-container elementor-column-gap-extended\">\n\t\t\t\t\t<div class=\"elementor-column elementor-col-33 elementor-top-column elementor-element elementor-element-182c832\" data-id=\"182c832\" data-element_type=\"column\" data-e-type=\"column\">\n\t\t\t<div class=\"elementor-widget-wrap elementor-element-populated\">\n\t\t\t\t\t\t<div class=\"elementor-element elementor-element-579663e elementor-widget elementor-widget-text-editor\" data-id=\"579663e\" data-element_type=\"widget\" data-e-type=\"widget\" data-widget_type=\"text-editor.default\">\n\t\t\t\t<div class=\"elementor-widget-container\">\n\t\t\t\t\t\t\t\t\t<p>Sellerie<\/p>\t\t\t\t\t\t\t\t<\/div>\n\t\t\t\t<\/div>\n\t\t\t\t<div class=\"elementor-element elementor-element-9b0fe35 elementor-widget elementor-widget-image\" data-id=\"9b0fe35\" data-element_type=\"widget\" data-e-type=\"widget\" data-widget_type=\"image.default\">\n\t\t\t\t<div class=\"elementor-widget-container\">\n\t\t\t\t\t\t\t\t\t\t\t\t<figure class=\"wp-caption\">\n\t\t\t\t\t\t\t\t\t\t\t<a href=\"https:\/\/la-sellerie-du-colibri.business.site\/\" target=\"_blank\">\n\t\t\t\t\t\t\t<img loading=\"lazy\" decoding=\"async\" width=\"525\" height=\"525\" src=\"https:\/\/www.loisy-sur-marne.fr\/wp-content\/uploads\/2022\/05\/96427284_688257118666539_2218083886619951104_n-1024x1024.jpg\" class=\"attachment-large size-large wp-image-1987\" alt=\"\" srcset=\"https:\/\/www.loisy-sur-marne.fr\/wp-content\/uploads\/2022\/05\/96427284_688257118666539_2218083886619951104_n-1024x1024.jpg 1024w, https:\/\/www.loisy-sur-marne.fr\/wp-content\/uploads\/2022\/05\/96427284_688257118666539_2218083886619951104_n-300x300.jpg 300w, https:\/\/www.loisy-sur-marne.fr\/wp-content\/uploads\/2022\/05\/96427284_688257118666539_2218083886619951104_n-150x150.jpg 150w, https:\/\/www.loisy-sur-marne.fr\/wp-content\/uploads\/2022\/05\/96427284_688257118666539_2218083886619951104_n-768x768.jpg 768w, https:\/\/www.loisy-sur-marne.fr\/wp-content\/uploads\/2022\/05\/96427284_688257118666539_2218083886619951104_n-120x120.jpg 120w, https:\/\/www.loisy-sur-marne.fr\/wp-content\/uploads\/2022\/05\/96427284_688257118666539_2218083886619951104_n-270x270.jpg 270w, https:\/\/www.loisy-sur-marne.fr\/wp-content\/uploads\/2022\/05\/96427284_688257118666539_2218083886619951104_n-60x60.jpg 60w, https:\/\/www.loisy-sur-marne.fr\/wp-content\/uploads\/2022\/05\/96427284_688257118666539_2218083886619951104_n-70x70.jpg 70w, https:\/\/www.loisy-sur-marne.fr\/wp-content\/uploads\/2022\/05\/96427284_688257118666539_2218083886619951104_n.jpg 1080w\" sizes=\"(max-width: 525px) 100vw, 525px\" \/>\t\t\t\t\t\t\t\t<\/a>\n\t\t\t\t\t\t\t\t\t\t\t<figcaption class=\"widget-image-caption wp-caption-text\">Sellerie du Colibri<\/figcaption>\n\t\t\t\t\t\t\t\t\t\t<\/figure>\n\t\t\t\t\t\t\t\t\t<\/div>\n\t\t\t\t<\/div>\n\t\t\t\t\t<\/div>\n\t\t<\/div>\n\t\t\t\t<div class=\"elementor-column elementor-col-33 elementor-top-column elementor-element elementor-element-2637474\" data-id=\"2637474\" data-element_type=\"column\" data-e-type=\"column\">\n\t\t\t<div class=\"elementor-widget-wrap elementor-element-populated\">\n\t\t\t\t\t\t<div class=\"elementor-element elementor-element-0ba55c9 elementor-widget elementor-widget-text-editor\" data-id=\"0ba55c9\" data-element_type=\"widget\" data-e-type=\"widget\" data-widget_type=\"text-editor.default\">\n\t\t\t\t<div class=\"elementor-widget-container\">\n\t\t\t\t\t\t\t\t\t<p>Relais colis volumineux<\/p>\t\t\t\t\t\t\t\t<\/div>\n\t\t\t\t<\/div>\n\t\t\t\t<div class=\"elementor-element elementor-element-1ce4954 elementor-widget elementor-widget-image\" data-id=\"1ce4954\" data-element_type=\"widget\" data-e-type=\"widget\" data-widget_type=\"image.default\">\n\t\t\t\t<div class=\"elementor-widget-container\">\n\t\t\t\t\t\t\t\t\t\t\t\t<figure class=\"wp-caption\">\n\t\t\t\t\t\t\t\t\t\t\t<a href=\"https:\/\/agrikolis.com\/\" target=\"_blank\">\n\t\t\t\t\t\t\t<img loading=\"lazy\" decoding=\"async\" width=\"525\" height=\"286\" src=\"https:\/\/www.loisy-sur-marne.fr\/wp-content\/uploads\/2022\/05\/agrikolis.jpg\" class=\"attachment-large size-large wp-image-1957\" alt=\"\" srcset=\"https:\/\/www.loisy-sur-marne.fr\/wp-content\/uploads\/2022\/05\/agrikolis.jpg 729w, https:\/\/www.loisy-sur-marne.fr\/wp-content\/uploads\/2022\/05\/agrikolis-300x163.jpg 300w\" sizes=\"(max-width: 525px) 100vw, 525px\" \/>\t\t\t\t\t\t\t\t<\/a>\n\t\t\t\t\t\t\t\t\t\t\t<figcaption class=\"widget-image-caption wp-caption-text\">Agrikolis<\/figcaption>\n\t\t\t\t\t\t\t\t\t\t<\/figure>\n\t\t\t\t\t\t\t\t\t<\/div>\n\t\t\t\t<\/div>\n\t\t\t\t\t<\/div>\n\t\t<\/div>\n\t\t\t\t<div class=\"elementor-column elementor-col-33 elementor-top-column elementor-element elementor-element-91ea8d5\" data-id=\"91ea8d5\" data-element_type=\"column\" data-e-type=\"column\">\n\t\t\t<div class=\"elementor-widget-wrap elementor-element-populated\">\n\t\t\t\t\t\t<div class=\"elementor-element elementor-element-f86a288 elementor-widget elementor-widget-text-editor\" data-id=\"f86a288\" data-element_type=\"widget\" data-e-type=\"widget\" data-widget_type=\"text-editor.default\">\n\t\t\t\t<div class=\"elementor-widget-container\">\n\t\t\t\t\t\t\t\t\t<p>Broderie personnalis\u00e9e<\/p>\t\t\t\t\t\t\t\t<\/div>\n\t\t\t\t<\/div>\n\t\t\t\t<div class=\"elementor-element elementor-element-28894f4 elementor-widget elementor-widget-image\" data-id=\"28894f4\" data-element_type=\"widget\" data-e-type=\"widget\" data-widget_type=\"image.default\">\n\t\t\t\t<div class=\"elementor-widget-container\">\n\t\t\t\t\t\t\t\t\t\t\t\t<figure class=\"wp-caption\">\n\t\t\t\t\t\t\t\t\t\t\t<a href=\"https:\/\/www.lejardindescreations.fr\/\" target=\"_blank\">\n\t\t\t\t\t\t\t<img loading=\"lazy\" decoding=\"async\" width=\"525\" height=\"116\" src=\"https:\/\/www.loisy-sur-marne.fr\/wp-content\/uploads\/2022\/05\/le-jardin-des-creations-1.png\" class=\"attachment-large size-large wp-image-1988\" alt=\"\" srcset=\"https:\/\/www.loisy-sur-marne.fr\/wp-content\/uploads\/2022\/05\/le-jardin-des-creations-1.png 708w, https:\/\/www.loisy-sur-marne.fr\/wp-content\/uploads\/2022\/05\/le-jardin-des-creations-1-300x66.png 300w\" sizes=\"(max-width: 525px) 100vw, 525px\" \/>\t\t\t\t\t\t\t\t<\/a>\n\t\t\t\t\t\t\t\t\t\t\t<figcaption class=\"widget-image-caption wp-caption-text\">Le Jardin des Cr\u00e9ations<\/figcaption>\n\t\t\t\t\t\t\t\t\t\t<\/figure>\n\t\t\t\t\t\t\t\t\t<\/div>\n\t\t\t\t<\/div>\n\t\t\t\t\t<\/div>\n\t\t<\/div>\n\t\t\t\t\t<\/div>\n\t\t<\/section>\n\t\t\t\t<\/div>\n\t\t","protected":false},"excerpt":{"rendered":"<p>Boulangerie Boulangerie Schneider Caf\u00e9, presse et tabac Caf\u00e9 du Midi Salon de coiffure Christelle Coiffure Mat\u00e9riel informatique Bigband Concept Food Truck Food Truck Bey Kebab Champagne Champagne JS Briche Sellerie [&hellip;]<\/p>\n","protected":false},"author":1,"featured_media":0,"parent":1796,"menu_order":0,"comment_status":"closed","ping_status":"closed","template":"","meta":{"footnotes":""},"class_list":["post-2038","page","type-page","status-publish","hentry"],"_links":{"self":[{"href":"https:\/\/www.loisy-sur-marne.fr\/index.php\/wp-json\/wp\/v2\/pages\/2038","targetHints":{"allow":["GET"]}}],"collection":[{"href":"https:\/\/www.loisy-sur-marne.fr\/index.php\/wp-json\/wp\/v2\/pages"}],"about":[{"href":"https:\/\/www.loisy-sur-marne.fr\/index.php\/wp-json\/wp\/v2\/types\/page"}],"author":[{"embeddable":true,"href":"https:\/\/www.loisy-sur-marne.fr\/index.php\/wp-json\/wp\/v2\/users\/1"}],"replies":[{"embeddable":true,"href":"https:\/\/www.loisy-sur-marne.fr\/index.php\/wp-json\/wp\/v2\/comments?post=2038"}],"version-history":[{"count":27,"href":"https:\/\/www.loisy-sur-marne.fr\/index.php\/wp-json\/wp\/v2\/pages\/2038\/revisions"}],"predecessor-version":[{"id":2378,"href":"https:\/\/www.loisy-sur-marne.fr\/index.php\/wp-json\/wp\/v2\/pages\/2038\/revisions\/2378"}],"up":[{"embeddable":true,"href":"https:\/\/www.loisy-sur-marne.fr\/index.php\/wp-json\/wp\/v2\/pages\/1796"}],"wp:attachment":[{"href":"https:\/\/www.loisy-sur-marne.fr\/index.php\/wp-json\/wp\/v2\/media?parent=2038"}],"curies":[{"name":"wp","href":"https:\/\/api.w.org\/{rel}","templated":true}]}}