{"id":407,"date":"2021-05-29T11:19:50","date_gmt":"2021-05-29T11:19:50","guid":{"rendered":"http:\/\/fastwpdemo.com\/newwp\/whitehall\/?page_id=407"},"modified":"2022-09-12T13:12:10","modified_gmt":"2022-09-12T13:12:10","slug":"apropos","status":"publish","type":"page","link":"https:\/\/www.loisy-sur-marne.fr\/index.php\/accueil\/apropos\/","title":{"rendered":"\u00c0 propos de la commune"},"content":{"rendered":"\t\t<div data-elementor-type=\"wp-page\" data-elementor-id=\"407\" class=\"elementor elementor-407\">\n\t\t\t\t\t\t<section class=\"elementor-section elementor-top-section elementor-element elementor-element-09af874 elementor-section-full_width elementor-section-height-default elementor-section-height-default\" data-id=\"09af874\" data-element_type=\"section\" data-e-type=\"section\">\n\t\t\t\t\t\t<div class=\"elementor-container elementor-column-gap-default\">\n\t\t\t\t\t<div class=\"elementor-column elementor-col-100 elementor-top-column elementor-element elementor-element-4e5f895\" data-id=\"4e5f895\" data-element_type=\"column\" data-e-type=\"column\">\n\t\t\t<div class=\"elementor-widget-wrap elementor-element-populated\">\n\t\t\t\t\t\t<div class=\"elementor-element elementor-element-af7056c elementor-widget elementor-widget-whitehall_about_us_v3\" data-id=\"af7056c\" data-element_type=\"widget\" data-e-type=\"widget\" data-widget_type=\"whitehall_about_us_v3.default\">\n\t\t\t\t<div class=\"elementor-widget-container\">\n\t\t\t\t\t        \n\t\t<!-- about-style-three -->\n        <section class=\"about-style-three\">\n            <div class=\"auto-container\">\n                <div class=\"row clearfix align-items-center\">\n                    <div class=\"col-lg-4 col-md-12 col-sm-12 content-column\">\n                        <div class=\"content_block_5\">\n                            <div class=\"content-box\">\n                                <div class=\"sec-title\">\n\t\t\t\t\t\t\t\t\t\t\t\t\t\t\t\t\t\t<h6><i class=\"flaticon-star\"><\/i><span>Bienvenue \u00e0 Loisy-sur-Marne<\/span><\/h6>\n\t\t\t\t\t\t\t\t\t\t\t\t\t\t\t\t\t\t\n                                                                    <\/div>\n                                <div class=\"text\">\n\t\t\t\t\t\t\t\t\t<h4><\/h4>\n\t\t\t\t\t\t\t\t\t<p>La commune de Loisy-sur-Marne, rattach\u00e9 \u00e0 la Communaut\u00e9 de Communes VITRY CHAMPAGNE et DER, poss\u00e8de tous les atouts d'une commune rurale de plus de 1000 habitants. Son dynamisme d\u00e9mographique, ses structures d'accueil tels que l'\u00e9cole, les commerces de proximit\u00e9s, les services de sant\u00e9 et la maison de retraite font de Loisy-sur-Marne une commune o\u00f9 il fait bon vivre. Les nombreuses associations sont \u00e9galement le fer de lance du bien vivre ensemble. Les structures n\u00e9cessaires au d\u00e9veloppement \u00e9conomique et \u00e0 la population sont en place avec la ZAE et le lotissement communal avec des parcelles viabilis\u00e9es disponibles offrant des possibilit\u00e9s d'implantation sur la commune. Le territoire de notre commune poss\u00e8de \u00e9galement de nombreux lieux de ballades que cela soit au travers des vignes ou le long de la rivi\u00e8re qui borde le village.<\/p>\n\n\t\t\t\t\t\t\t\t\t\t\t\t\t\t\t\t\t\t<ul class=\"list clearfix\">\n\t\t\t\t\t\t\t\t\t\t\t\t\t\t\t\t\t\t\t\t<li><i class=\"flaticon-bird\"><\/i>Administrative Practices<\/li>\n\t\t\t\t\t\t\t\t\t\t\t\t\t\t\t\t\t\t\t\t<li><i class=\"flaticon-bird\"><\/i>Carry out the Duties<\/li>\n\t\t\t\t\t\t\t\t\t\t\t\t\t\t\t\t\t\t\t\t<li><i class=\"flaticon-bird\"><\/i>Develop the Municipaity<\/li>\n\t\t\t\t\t\t\t\t\t\t\t\t\t\t\t\t\t\t\t\t<li><i class=\"flaticon-bird\"><\/i>Maintain Financial Integrity<\/li>\n\t\t\t\t\t\t\t\t\t\t\t\t\t\t\t\t\t\t\t\t<li><i class=\"flaticon-bird\"><\/i>Represent the Public<\/li>\n\t\t\t\t\t\t\t\t\t\t\t\t\t\t\t\t\t\t\t<\/ul>\n\t\t\t\t\t\t\t\t\t                                <\/div>\n                            <\/div>\n                        <\/div>\n                    <\/div>\n                    <div class=\"col-lg-4 col-md-6 col-sm-12 image-column\">\n                        <figure class=\"image-box\"><img decoding=\"async\" src=\"https:\/\/www.loisy-sur-marne.fr\/wp-content\/uploads\/2022\/04\/loisy-sur-marne_317184.jpg\" alt=\"Awesome Image\"><\/figure>\n                    <\/div>\n                    <div class=\"col-lg-4 col-md-6 col-sm-12 inner-column\">\n\t\t\t\t\t\t                        <div class=\"feature-block-one\">\n                            <div class=\"inner-box\">\n                                <figure class=\"image\"><img decoding=\"async\" src=\"https:\/\/www.loisy-sur-marne.fr\/wp-content\/uploads\/2022\/04\/placeDArmes.jpg\" alt=\"Awesome Image\"><\/figure>\n                                <div class=\"text\">\n                                    <h4>Vitry-le-Fan\u00e7ois<\/h4>\n\t\t\t\t\t\t\t\t\t\n\t\t\t\t\t\t\t\t\t                                    <a href=\"https:\/\/www.lacduder.com\/vitry-le-francois\"><i class=\"flaticon-right-arrow\"><\/i><\/a>\n\t\t\t\t\t\t\t\t\t                                <\/div>\n                                <div class=\"overlay-content\">\n                                    <h4>Vitry-le-Fan\u00e7ois<\/h4>\n                                    <p><\/p>\n                                <\/div>\n                            <\/div>\n                        <\/div>\n                                                <div class=\"feature-block-one\">\n                            <div class=\"inner-box\">\n                                <figure class=\"image\"><img decoding=\"async\" src=\"https:\/\/www.loisy-sur-marne.fr\/wp-content\/uploads\/2022\/04\/ext.jpg\" alt=\"Awesome Image\"><\/figure>\n                                <div class=\"text\">\n                                    <h4>Les coteaux Vitryats<\/h4>\n\t\t\t\t\t\t\t\t\t\n\t\t\t\t\t\t\t\t\t                                    <a href=\"https:\/\/www.tourisme-en-champagne.com\/route-touristique-du-champagne\"><i class=\"flaticon-right-arrow\"><\/i><\/a>\n\t\t\t\t\t\t\t\t\t                                <\/div>\n                                <div class=\"overlay-content\">\n                                    <h4>Les coteaux Vitryats<\/h4>\n                                    <p>Faite le plein de bulles !<\/p>\n                                <\/div>\n                            <\/div>\n                        <\/div>\n                                            <\/div>\n                <\/div>\n            <\/div>\n        <\/section>\n        <!-- about-style-three end -->\n\n        \t\t\t\t<\/div>\n\t\t\t\t<\/div>\n\t\t\t\t\t<\/div>\n\t\t<\/div>\n\t\t\t\t\t<\/div>\n\t\t<\/section>\n\t\t\t\t<section class=\"elementor-section elementor-top-section elementor-element elementor-element-e482901 elementor-section-full_width elementor-section-height-default elementor-section-height-default\" data-id=\"e482901\" data-element_type=\"section\" data-e-type=\"section\">\n\t\t\t\t\t\t<div class=\"elementor-container elementor-column-gap-default\">\n\t\t\t\t\t<div class=\"elementor-column elementor-col-100 elementor-top-column elementor-element elementor-element-cc45d1d\" data-id=\"cc45d1d\" data-element_type=\"column\" data-e-type=\"column\">\n\t\t\t<div class=\"elementor-widget-wrap elementor-element-populated\">\n\t\t\t\t\t\t<div class=\"elementor-element elementor-element-d1b62b2 elementor-widget elementor-widget-whitehall_discover_our_city\" data-id=\"d1b62b2\" data-element_type=\"widget\" data-e-type=\"widget\" data-widget_type=\"whitehall_discover_our_city.default\">\n\t\t\t\t<div class=\"elementor-widget-container\">\n\t\t\t\t\t        \n        <!-- discover-section -->\n        <section class=\"discover-section sec-pad\" style=\"background-image: url(https:\/\/www.loisy-sur-marne.fr\/wp-content\/uploads\/2022\/04\/s-l300.jpg);\">\n            <div class=\"auto-container\">\n                <div class=\"sec-title centred light\">\n\t\t\t\t\t\t\t\t\t\t<h6><i class=\"flaticon-star\"><\/i><span>D\u00e9couvrez notre village<\/span><i class=\"flaticon-star\"><\/i><\/h6>\n\t\t\t\t\t\n\t\t\t\t\t                <\/div>\n                <div class=\"row clearfix\">\n                                        <div class=\"col-lg-3 col-md-6 col-sm-12 discover-block\">\n                        <div class=\"discover-block-one wow fadeInUp animated animated\" data-wow-delay=\"200ms\" data-wow-duration=\"1500ms\">\n                            <div class=\"inner-box\">\n                                <div class=\"content-box\">\n                                    <div class=\"icon-box\"><i class=\"fa fa-shopping-basket\"><\/i><\/div>\n                                    <h4>Les Commerces<br \/>&amp; Entreprises <\/h4>\n                                    <a href=\"https:\/\/www.bigband-dev.fr\/index.php\/entreprise-commerce\/\"><i class=\"flaticon-right-arrow\"><\/i><\/a>\n                                    <span class=\"count\">01<\/span>\n                                <\/div>\n                                <div class=\"overlay-content\">\n                                    <h4>Les Commerces<br \/>&amp; Entreprises <\/h4>\n                                    <p>Commerce de proximit\u00e9, entrepreneur et industrie<\/p>\n                                    <a href=\"https:\/\/www.bigband-dev.fr\/index.php\/entreprise-commerce\/\"><i class=\"flaticon-right-arrow\"><\/i><\/a>\n                                    <span class=\"count\">01<\/span>\n                                <\/div>\n                            <\/div>\n                        <\/div>\n                    <\/div>\n\t\t\t\t\t                    <div class=\"col-lg-3 col-md-6 col-sm-12 discover-block\">\n                        <div class=\"discover-block-one wow fadeInUp animated animated\" data-wow-delay=\"200ms\" data-wow-duration=\"1500ms\">\n                            <div class=\"inner-box\">\n                                <div class=\"content-box\">\n                                    <div class=\"icon-box\"><i class=\"fa fa-briefcase-medical\"><\/i><\/div>\n                                    <h4>Les Services <br \/>de Sant\u00e9<\/h4>\n                                    <a href=\"https:\/\/www.bigband-dev.fr\/index.php\/sante\/\"><i class=\"flaticon-right-arrow\"><\/i><\/a>\n                                    <span class=\"count\">02<\/span>\n                                <\/div>\n                                <div class=\"overlay-content\">\n                                    <h4>Les Services <br \/>de Sant\u00e9<\/h4>\n                                    <p>Pharmacie, Cabinet Infirmier, maison de retraite<\/p>\n                                    <a href=\"https:\/\/www.bigband-dev.fr\/index.php\/sante\/\"><i class=\"flaticon-right-arrow\"><\/i><\/a>\n                                    <span class=\"count\">02<\/span>\n                                <\/div>\n                            <\/div>\n                        <\/div>\n                    <\/div>\n\t\t\t\t\t                    <div class=\"col-lg-3 col-md-6 col-sm-12 discover-block\">\n                        <div class=\"discover-block-one wow fadeInUp animated animated\" data-wow-delay=\"200ms\" data-wow-duration=\"1500ms\">\n                            <div class=\"inner-box\">\n                                <div class=\"content-box\">\n                                    <div class=\"icon-box\"><i class=\"fa fa-bell-school\"><\/i><\/div>\n                                    <h4>Ecole <br \/> &amp; Cantine<\/h4>\n                                    <a href=\"#\"><i class=\"flaticon-right-arrow\"><\/i><\/a>\n                                    <span class=\"count\">03<\/span>\n                                <\/div>\n                                <div class=\"overlay-content\">\n                                    <h4>Ecole <br \/> &amp; Cantine<\/h4>\n                                    <p>De la maternelle au CM2<\/p>\n                                    <a href=\"#\"><i class=\"flaticon-right-arrow\"><\/i><\/a>\n                                    <span class=\"count\">03<\/span>\n                                <\/div>\n                            <\/div>\n                        <\/div>\n                    <\/div>\n\t\t\t\t\t                    <div class=\"col-lg-3 col-md-6 col-sm-12 discover-block\">\n                        <div class=\"discover-block-one wow fadeInUp animated animated\" data-wow-delay=\"200ms\" data-wow-duration=\"1500ms\">\n                            <div class=\"inner-box\">\n                                <div class=\"content-box\">\n                                    <div class=\"icon-box\"><i class=\"fa fa-retweet\"><\/i><\/div>\n                                    <h4>Associations <br> diverses<\/h4>\n                                    <a href=\"https:\/\/www.bigband-dev.fr\/index.php\/association\/\"><i class=\"flaticon-right-arrow\"><\/i><\/a>\n                                    <span class=\"count\">04<\/span>\n                                <\/div>\n                                <div class=\"overlay-content\">\n                                    <h4>Associations <br> diverses<\/h4>\n                                    <p>Gym, Foot, Danse, P\u00e9tanque, P\u00eache, ...<\/p>\n                                    <a href=\"https:\/\/www.bigband-dev.fr\/index.php\/association\/\"><i class=\"flaticon-right-arrow\"><\/i><\/a>\n                                    <span class=\"count\">04<\/span>\n                                <\/div>\n                            <\/div>\n                        <\/div>\n                    <\/div>\n\t\t\t\t\t                <\/div>\n            <\/div>\n        <\/section>\n        <!-- discover-section end -->\n\n        \t\t\t\t<\/div>\n\t\t\t\t<\/div>\n\t\t\t\t\t<\/div>\n\t\t<\/div>\n\t\t\t\t\t<\/div>\n\t\t<\/section>\n\t\t\t\t<section class=\"elementor-section elementor-top-section elementor-element elementor-element-dad43f0 elementor-section-full_width elementor-section-height-default elementor-section-height-default\" data-id=\"dad43f0\" data-element_type=\"section\" data-e-type=\"section\">\n\t\t\t\t\t\t<div class=\"elementor-container elementor-column-gap-default\">\n\t\t\t\t\t<div class=\"elementor-column elementor-col-100 elementor-top-column elementor-element elementor-element-5988bed\" data-id=\"5988bed\" data-element_type=\"column\" data-e-type=\"column\">\n\t\t\t<div class=\"elementor-widget-wrap elementor-element-populated\">\n\t\t\t\t\t\t\t<\/div>\n\t\t<\/div>\n\t\t\t\t\t<\/div>\n\t\t<\/section>\n\t\t\t\t<\/div>\n\t\t","protected":false},"excerpt":{"rendered":"<p>Bienvenue \u00e0 Loisy-sur-Marne La commune de Loisy-sur-Marne, rattach\u00e9 \u00e0 la Communaut\u00e9 de Communes VITRY CHAMPAGNE et DER, poss\u00e8de tous les atouts d&rsquo;une commune rurale de plus de 1000 habitants. Son [&hellip;]<\/p>\n","protected":false},"author":1,"featured_media":1614,"parent":1267,"menu_order":0,"comment_status":"closed","ping_status":"closed","template":"tpl-default-elementor.php","meta":{"footnotes":""},"class_list":["post-407","page","type-page","status-publish","has-post-thumbnail","hentry"],"_links":{"self":[{"href":"https:\/\/www.loisy-sur-marne.fr\/index.php\/wp-json\/wp\/v2\/pages\/407","targetHints":{"allow":["GET"]}}],"collection":[{"href":"https:\/\/www.loisy-sur-marne.fr\/index.php\/wp-json\/wp\/v2\/pages"}],"about":[{"href":"https:\/\/www.loisy-sur-marne.fr\/index.php\/wp-json\/wp\/v2\/types\/page"}],"author":[{"embeddable":true,"href":"https:\/\/www.loisy-sur-marne.fr\/index.php\/wp-json\/wp\/v2\/users\/1"}],"replies":[{"embeddable":true,"href":"https:\/\/www.loisy-sur-marne.fr\/index.php\/wp-json\/wp\/v2\/comments?post=407"}],"version-history":[{"count":63,"href":"https:\/\/www.loisy-sur-marne.fr\/index.php\/wp-json\/wp\/v2\/pages\/407\/revisions"}],"predecessor-version":[{"id":2312,"href":"https:\/\/www.loisy-sur-marne.fr\/index.php\/wp-json\/wp\/v2\/pages\/407\/revisions\/2312"}],"up":[{"embeddable":true,"href":"https:\/\/www.loisy-sur-marne.fr\/index.php\/wp-json\/wp\/v2\/pages\/1267"}],"wp:featuredmedia":[{"embeddable":true,"href":"https:\/\/www.loisy-sur-marne.fr\/index.php\/wp-json\/wp\/v2\/media\/1614"}],"wp:attachment":[{"href":"https:\/\/www.loisy-sur-marne.fr\/index.php\/wp-json\/wp\/v2\/media?parent=407"}],"curies":[{"name":"wp","href":"https:\/\/api.w.org\/{rel}","templated":true}]}}