{"id":507,"date":"2021-05-29T18:40:56","date_gmt":"2021-05-29T18:40:56","guid":{"rendered":"http:\/\/fastwpdemo.com\/newwp\/whitehall\/?page_id=507"},"modified":"2022-09-12T13:12:30","modified_gmt":"2022-09-12T13:12:30","slug":"histoire","status":"publish","type":"page","link":"https:\/\/www.loisy-sur-marne.fr\/index.php\/accueil\/histoire\/","title":{"rendered":"Histoire"},"content":{"rendered":"\t\t<div data-elementor-type=\"wp-page\" data-elementor-id=\"507\" class=\"elementor elementor-507\">\n\t\t\t\t\t\t<section class=\"elementor-section elementor-top-section elementor-element elementor-element-8ffdff9 elementor-section-full_width elementor-section-height-default elementor-section-height-default\" data-id=\"8ffdff9\" data-element_type=\"section\" data-e-type=\"section\">\n\t\t\t\t\t\t<div class=\"elementor-container elementor-column-gap-default\">\n\t\t\t\t\t<div class=\"elementor-column elementor-col-100 elementor-top-column elementor-element elementor-element-b55558f\" data-id=\"b55558f\" data-element_type=\"column\" data-e-type=\"column\">\n\t\t\t<div class=\"elementor-widget-wrap elementor-element-populated\">\n\t\t\t\t\t\t<div class=\"elementor-element elementor-element-744e134 elementor-widget elementor-widget-whitehall_history\" data-id=\"744e134\" data-element_type=\"widget\" data-e-type=\"widget\" data-widget_type=\"whitehall_history.default\">\n\t\t\t\t<div class=\"elementor-widget-container\">\n\t\t\t\t\t        \n        <!-- history-section -->\n        <section class=\"history-section\">\n            <figure class=\"image-layer\"><img decoding=\"async\" src=\"https:\/\/www.loisy-sur-marne.fr\/wp-content\/uploads\/2021\/05\/history-5-1.jpg\" alt=\"Awesome Image\"><\/figure>\n            <div class=\"auto-container\">\n                <div class=\"row clearfix\">\n                    <div class=\"col-lg-4 col-md-12 col-sm-12 title-column\">\n                        <div class=\"sec-title\">\n\t\t\t\t\t\t\t\t\t\t\t\t\t\t<h6><i class=\"flaticon-star\"><\/i><span>L'histoire de Loisy<\/span><\/h6>\n\t\t\t\t\t\t\t\n\t\t\t\t\t\t\t\t\t\t\t\t\t\t<h2>Moments marquants<\/h2>\n\t\t\t\t\t\t\t<div class=\"title-shape\"><\/div>\n\t\t\t\t\t\t\t\t\t\t\t\t\t\t\n                            <p><\/p>\n                        <\/div>\n                    <\/div>\n                    <div class=\"col-lg-8 col-md-12 col-sm-12 inner-column\">\n                        <div class=\"inner-box\">\n                                                        <div class=\"single-item style-one\">\n                                <figure class=\"image-box\"><img decoding=\"async\" src=\"https:\/\/www.loisy-sur-marne.fr\/wp-content\/uploads\/2022\/04\/photo-1.jpg\" alt=\"Awesome Image\"><\/figure>\n                                <div class=\"text\">\n                                    <span>1683<\/span>\n                                    <h6>Messe c\u00e9l\u00e9brait par l'\u00e9v\u00eaque de Ch\u00e2lons \"Louis Antoine de Noailles\"<\/h6>\n                                    <h4><\/h4>\n                                    <p><\/p>\n                                <\/div>\n                            <\/div>\n\t\t\t\t\t\t\t                            <div class=\"single-item style-two text-right\">\n                                <figure class=\"image-box\"><img decoding=\"async\" src=\"https:\/\/www.loisy-sur-marne.fr\/wp-content\/uploads\/2022\/04\/Monument_eglise_01138.jpg\" alt=\"Awesome Image\"><\/figure>\n                                <div class=\"text\">\n                                    <span>1861 <\/span>\n                                    <h6>\u00c9glise Saint-Juvin<\/h6>\n                                    <h4>Restaur\u00e9e et agrandie dans un style n\u00e9o-gothique par l\u2019architecte Jean Fran\u00e7ois Choisy, consacr\u00e9e le 23 septembre 1861.<\/h4>\n                                    <p>Elle abrite une statue de saint Juvin en bois datant du xvie si\u00e8cle, class\u00e9e monument historique.<\/p>\n                                <\/div>\n                            <\/div>\n\t\t\t\t\t\t\t                            <div class=\"single-item style-one\">\n                                <figure class=\"image-box\"><img decoding=\"async\" src=\"https:\/\/www.loisy-sur-marne.fr\/wp-content\/uploads\/2022\/04\/Album_des_deputes_au_Corps_legislatif_entre_1852-1857-Haudos.jpg\" alt=\"Awesome Image\"><\/figure>\n                                <div class=\"text\">\n                                    <span>1861<\/span>\n                                    <h6>Justin Haudos<\/h6>\n                                    <h4>Maire &amp; D\u00e9put\u00e9 du Second Empire<\/h4>\n                                    <p>Il utilisa sa fortune pour transformer le village.<\/p>\n                                <\/div>\n                            <\/div>\n\t\t\t\t\t\t\t                            <div class=\"single-item style-two text-right\">\n                                <figure class=\"image-box\"><img decoding=\"async\" src=\"https:\/\/www.loisy-sur-marne.fr\/wp-content\/uploads\/2022\/04\/photo-9.jpg\" alt=\"Awesome Image\"><\/figure>\n                                <div class=\"text\">\n                                    <span>1920<\/span>\n                                    <h6>Le Grand Incendie<\/h6>\n                                    <h4>Il d\u00e9truit une grande partie du village<\/h4>\n                                    <p>Sans faire de bless\u00e9s<\/p>\n                                <\/div>\n                            <\/div>\n\t\t\t\t\t\t\t                            <div class=\"single-item style-one\">\n                                <figure class=\"image-box\"><img decoding=\"async\" src=\"https:\/\/www.loisy-sur-marne.fr\/wp-content\/uploads\/2022\/05\/IMG_2022-05-04-18-37-20-184.jpg\" alt=\"Awesome Image\"><\/figure>\n                                <div class=\"text\">\n                                    <span>2021<\/span>\n                                    <h6>The Legend of Loisy<\/h6>\n                                    <h4><\/h4>\n                                    <p>Il se raconte que celui qui parviendra \u00e0 retirer l'\u00e9p\u00e9e, deviendra le roi du Royaumes d'Hyrule.<\/p>\n                                <\/div>\n                            <\/div>\n\t\t\t\t\t\t\t                        <\/div>\n                    <\/div>\n                <\/div>\n            <\/div>\n        <\/section>\n        <!-- history-section -->\n\n        \t\t\t\t<\/div>\n\t\t\t\t<\/div>\n\t\t\t\t\t<\/div>\n\t\t<\/div>\n\t\t\t\t\t<\/div>\n\t\t<\/section>\n\t\t\t\t<section class=\"elementor-section elementor-top-section elementor-element elementor-element-b9bdff1 elementor-section-boxed elementor-section-height-default elementor-section-height-default\" data-id=\"b9bdff1\" data-element_type=\"section\" data-e-type=\"section\">\n\t\t\t\t\t\t<div class=\"elementor-container elementor-column-gap-default\">\n\t\t\t\t\t<div class=\"elementor-column elementor-col-100 elementor-top-column elementor-element elementor-element-e8257d7\" data-id=\"e8257d7\" data-element_type=\"column\" data-e-type=\"column\">\n\t\t\t<div class=\"elementor-widget-wrap elementor-element-populated\">\n\t\t\t\t\t\t<div class=\"elementor-element elementor-element-fa242d3 elementor-widget elementor-widget-spacer\" data-id=\"fa242d3\" data-element_type=\"widget\" data-e-type=\"widget\" data-widget_type=\"spacer.default\">\n\t\t\t\t<div class=\"elementor-widget-container\">\n\t\t\t\t\t\t\t<div class=\"elementor-spacer\">\n\t\t\t<div class=\"elementor-spacer-inner\"><\/div>\n\t\t<\/div>\n\t\t\t\t\t\t<\/div>\n\t\t\t\t<\/div>\n\t\t\t\t\t<\/div>\n\t\t<\/div>\n\t\t\t\t\t<\/div>\n\t\t<\/section>\n\t\t\t\t<section class=\"elementor-section elementor-top-section elementor-element elementor-element-e4c0287 elementor-section-boxed elementor-section-height-default elementor-section-height-default\" data-id=\"e4c0287\" data-element_type=\"section\" data-e-type=\"section\">\n\t\t\t\t\t\t<div class=\"elementor-container elementor-column-gap-default\">\n\t\t\t\t\t<div class=\"elementor-column elementor-col-100 elementor-top-column elementor-element elementor-element-82ba333\" data-id=\"82ba333\" data-element_type=\"column\" data-e-type=\"column\">\n\t\t\t<div class=\"elementor-widget-wrap\">\n\t\t\t\t\t\t\t<\/div>\n\t\t<\/div>\n\t\t\t\t\t<\/div>\n\t\t<\/section>\n\t\t\t\t<section class=\"elementor-section elementor-top-section elementor-element elementor-element-79461eb elementor-section-boxed elementor-section-height-default elementor-section-height-default\" data-id=\"79461eb\" data-element_type=\"section\" data-e-type=\"section\">\n\t\t\t\t\t\t<div class=\"elementor-container elementor-column-gap-default\">\n\t\t\t\t\t<div class=\"elementor-column elementor-col-100 elementor-top-column elementor-element elementor-element-371c01a\" data-id=\"371c01a\" data-element_type=\"column\" data-e-type=\"column\">\n\t\t\t<div class=\"elementor-widget-wrap elementor-element-populated\">\n\t\t\t\t\t\t<div class=\"elementor-element elementor-element-1485739 elementor-widget elementor-widget-spacer\" data-id=\"1485739\" data-element_type=\"widget\" data-e-type=\"widget\" data-widget_type=\"spacer.default\">\n\t\t\t\t<div class=\"elementor-widget-container\">\n\t\t\t\t\t\t\t<div class=\"elementor-spacer\">\n\t\t\t<div class=\"elementor-spacer-inner\"><\/div>\n\t\t<\/div>\n\t\t\t\t\t\t<\/div>\n\t\t\t\t<\/div>\n\t\t\t\t\t<\/div>\n\t\t<\/div>\n\t\t\t\t\t<\/div>\n\t\t<\/section>\n\t\t\t\t<section class=\"elementor-section elementor-top-section elementor-element elementor-element-2f04a1d elementor-section-boxed elementor-section-height-default elementor-section-height-default\" data-id=\"2f04a1d\" data-element_type=\"section\" data-e-type=\"section\">\n\t\t\t\t\t\t<div class=\"elementor-container elementor-column-gap-default\">\n\t\t\t\t\t<div class=\"elementor-column elementor-col-100 elementor-top-column elementor-element elementor-element-85dbf17\" data-id=\"85dbf17\" data-element_type=\"column\" data-e-type=\"column\">\n\t\t\t<div class=\"elementor-widget-wrap\">\n\t\t\t\t\t\t\t<\/div>\n\t\t<\/div>\n\t\t\t\t\t<\/div>\n\t\t<\/section>\n\t\t\t\t<\/div>\n\t\t","protected":false},"excerpt":{"rendered":"<p>L&rsquo;histoire de Loisy Moments marquants 1683 Messe c\u00e9l\u00e9brait par l&rsquo;\u00e9v\u00eaque de Ch\u00e2lons \u00ab\u00a0Louis Antoine de Noailles\u00a0\u00bb 1861 \u00c9glise Saint-Juvin Restaur\u00e9e et agrandie dans un style n\u00e9o-gothique par l\u2019architecte Jean Fran\u00e7ois [&hellip;]<\/p>\n","protected":false},"author":1,"featured_media":0,"parent":1267,"menu_order":0,"comment_status":"closed","ping_status":"closed","template":"tpl-default-elementor.php","meta":{"footnotes":""},"class_list":["post-507","page","type-page","status-publish","hentry"],"_links":{"self":[{"href":"https:\/\/www.loisy-sur-marne.fr\/index.php\/wp-json\/wp\/v2\/pages\/507","targetHints":{"allow":["GET"]}}],"collection":[{"href":"https:\/\/www.loisy-sur-marne.fr\/index.php\/wp-json\/wp\/v2\/pages"}],"about":[{"href":"https:\/\/www.loisy-sur-marne.fr\/index.php\/wp-json\/wp\/v2\/types\/page"}],"author":[{"embeddable":true,"href":"https:\/\/www.loisy-sur-marne.fr\/index.php\/wp-json\/wp\/v2\/users\/1"}],"replies":[{"embeddable":true,"href":"https:\/\/www.loisy-sur-marne.fr\/index.php\/wp-json\/wp\/v2\/comments?post=507"}],"version-history":[{"count":24,"href":"https:\/\/www.loisy-sur-marne.fr\/index.php\/wp-json\/wp\/v2\/pages\/507\/revisions"}],"predecessor-version":[{"id":2307,"href":"https:\/\/www.loisy-sur-marne.fr\/index.php\/wp-json\/wp\/v2\/pages\/507\/revisions\/2307"}],"up":[{"embeddable":true,"href":"https:\/\/www.loisy-sur-marne.fr\/index.php\/wp-json\/wp\/v2\/pages\/1267"}],"wp:attachment":[{"href":"https:\/\/www.loisy-sur-marne.fr\/index.php\/wp-json\/wp\/v2\/media?parent=507"}],"curies":[{"name":"wp","href":"https:\/\/api.w.org\/{rel}","templated":true}]}}